{"id":3453,"date":"2024-07-23T15:31:02","date_gmt":"2024-07-23T07:31:02","guid":{"rendered":"https:\/\/onecarbide.com\/?post_type=product&#038;p=3453"},"modified":"2024-09-10T15:09:26","modified_gmt":"2024-09-10T07:09:26","slug":"carbide-hob","status":"publish","type":"product","link":"https:\/\/onecarbide.com\/de\/produkt\/carbide-hob\/","title":{"rendered":"Hartmetall-W\u00e4lzfr\u00e4ser"},"content":{"rendered":"<h3>Main Features<\/h3>\n<ul>\n<li><strong>High precision<\/strong>: Adopting advanced manufacturing process to ensure the accuracy of each tooth shape and guarantee the precision of machining gears.<\/li>\n<li><strong>High hardness<\/strong>: Selection of high-quality high-speed steel or hard alloy material, with extremely high hardness and wear resistance, prolonging tool life.<\/li>\n<li><strong>High efficiency<\/strong>: Special tool design improves cutting efficiency, reduces machining time and increases productivity.<\/li>\n<li><strong>Multi-specification options<\/strong>: Provide a variety of specifications and sizes to meet different gear and spline machining needs.<\/li>\n<li><strong>Strong heat resistance<\/strong>: With excellent heat resistance, it can work stably in high temperature environment.<\/li>\n<\/ul>\n<h3>Working Principle<\/h3>\n<p>The working principle of the hob is to rely on the cutting edge and expanding edge to rotate and oscillate continuously on the surface of the metal material, cutting the metal material to form the required shape and size. The cutting edge is the key part of the hob, which is divided into two kinds: positive spiral cutting edge and negative spiral cutting edge, which are suitable for machining metal parts with high precision and high strength respectively. The expanding edge is used to remove burrs and residual material produced after the cutting edge is removed.<\/p>\n<h3>Regular Size (Support Customization)<\/h3>\n<table>\n<tbody>\n<tr>\n<td width=\"184\">\n<p style=\"text-align: center;\"><strong>Module<\/strong><\/p>\n<p style=\"text-align: center;\"><strong>(mm)<\/strong><\/p>\n<\/td>\n<td style=\"text-align: center;\" width=\"184\"><strong>Outside Diameter<\/strong><\/p>\n<p><strong>(mm)<\/strong><\/td>\n<td width=\"184\">\n<p style=\"text-align: center;\"><strong>Hole Diameter<\/strong><\/p>\n<p style=\"text-align: center;\"><strong>(mm)<\/strong><\/p>\n<\/td>\n<\/tr>\n<tr>\n<td width=\"184\">\n<p style=\"text-align: center;\">0.15<\/p>\n<\/td>\n<td style=\"text-align: center;\" width=\"184\">25<\/td>\n<td style=\"text-align: center;\" width=\"184\">8<\/td>\n<\/tr>\n<tr>\n<td style=\"text-align: center;\" width=\"184\">0.30<\/td>\n<td style=\"text-align: center;\" width=\"184\">25<\/td>\n<td width=\"184\">\n<p style=\"text-align: center;\">8<\/p>\n<\/td>\n<\/tr>\n<tr>\n<td width=\"184\">\n<p style=\"text-align: center;\">0.60<\/p>\n<\/td>\n<td style=\"text-align: center;\" width=\"184\">25<\/td>\n<td style=\"text-align: center;\" width=\"184\">8<\/td>\n<\/tr>\n<tr>\n<td style=\"text-align: center;\" width=\"184\">0.80<\/td>\n<td style=\"text-align: center;\" width=\"184\">25<\/td>\n<td width=\"184\">\n<p style=\"text-align: center;\">8<\/p>\n<\/td>\n<\/tr>\n<tr>\n<td width=\"184\">\n<p style=\"text-align: center;\">0.9<\/p>\n<\/td>\n<td style=\"text-align: center;\" width=\"184\">32<\/td>\n<td style=\"text-align: center;\" width=\"184\">13<\/td>\n<\/tr>\n<tr>\n<td style=\"text-align: center;\" width=\"184\">1.0<\/td>\n<td style=\"text-align: center;\" width=\"184\">32<\/td>\n<td width=\"184\">\n<p style=\"text-align: center;\">13<\/p>\n<\/td>\n<\/tr>\n<\/tbody>\n<\/table>","protected":false},"excerpt":{"rendered":"<p>Zahnradschneidwerkzeuge mit spiralf\u00f6rmig entlang eines Zylinders oder Kegels angeordneten Z\u00e4hnen, die haupts\u00e4chlich zum Fr\u00e4sen verschiedener Arten von Zahnr\u00e4dern, Keilwellenverzahnungen, Schneckenr\u00e4dern und anderen zylindrischen Werkst\u00fccken mit Z\u00e4hnen verwendet werden.<\/p>","protected":false},"featured_media":3860,"comment_status":"open","ping_status":"closed","template":"","meta":{"site-sidebar-layout":"default","site-content-layout":"","ast-site-content-layout":"default","site-content-style":"default","site-sidebar-style":"default","ast-global-header-display":"","ast-banner-title-visibility":"","ast-main-header-display":"","ast-hfb-above-header-display":"","ast-hfb-below-header-display":"","ast-hfb-mobile-header-display":"","site-post-title":"","ast-breadcrumbs-content":"","ast-featured-img":"","footer-sml-layout":"","theme-transparent-header-meta":"default","adv-header-id-meta":"","stick-header-meta":"default","header-above-stick-meta":"","header-main-stick-meta":"","header-below-stick-meta":"","astra-migrate-meta-layouts":"set","ast-page-background-enabled":"default","ast-page-background-meta":{"desktop":{"background-color":"","background-image":"","background-repeat":"repeat","background-position":"center center","background-size":"auto","background-attachment":"scroll","background-type":"","background-media":"","overlay-type":"","overlay-color":"","overlay-gradient":""},"tablet":{"background-color":"","background-image":"","background-repeat":"repeat","background-position":"center center","background-size":"auto","background-attachment":"scroll","background-type":"","background-media":"","overlay-type":"","overlay-color":"","overlay-gradient":""},"mobile":{"background-color":"","background-image":"","background-repeat":"repeat","background-position":"center center","background-size":"auto","background-attachment":"scroll","background-type":"","background-media":"","overlay-type":"","overlay-color":"","overlay-gradient":""}},"ast-content-background-meta":{"desktop":{"background-color":"var(--ast-global-color-5)","background-image":"","background-repeat":"repeat","background-position":"center center","background-size":"auto","background-attachment":"scroll","background-type":"","background-media":"","overlay-type":"","overlay-color":"","overlay-gradient":""},"tablet":{"background-color":"var(--ast-global-color-5)","background-image":"","background-repeat":"repeat","background-position":"center center","background-size":"auto","background-attachment":"scroll","background-type":"","background-media":"","overlay-type":"","overlay-color":"","overlay-gradient":""},"mobile":{"background-color":"var(--ast-global-color-5)","background-image":"","background-repeat":"repeat","background-position":"center center","background-size":"auto","background-attachment":"scroll","background-type":"","background-media":"","overlay-type":"","overlay-color":"","overlay-gradient":""}}},"product_cat":[551],"product_tag":[255,258,259,256,257],"yoast_head":"<!-- This site is optimized with the Yoast SEO Premium plugin v22.7 (Yoast SEO v22.8) - https:\/\/yoast.com\/wordpress\/plugins\/seo\/ -->\n<title>Carbide Hob - xingzhou<\/title>\n<meta name=\"robots\" content=\"index, follow, max-snippet:-1, max-image-preview:large, max-video-preview:-1\" \/>\n<link rel=\"canonical\" href=\"https:\/\/onecarbide.com\/de\/produkt\/carbide-hob\/\" \/>\n<meta property=\"og:locale\" content=\"de_DE\" \/>\n<meta property=\"og:type\" content=\"article\" \/>\n<meta property=\"og:title\" content=\"Carbide Hob\" \/>\n<meta property=\"og:description\" content=\"Gear cutting tools with teeth arranged in a helical line along a cylinder or cone, mainly used for milling various types of gears, splines, worm gears and other cylindrical workpieces with teeth.\" \/>\n<meta property=\"og:url\" content=\"https:\/\/onecarbide.com\/de\/produkt\/carbide-hob\/\" \/>\n<meta property=\"og:site_name\" content=\"xingzhou\" \/>\n<meta property=\"article:modified_time\" content=\"2024-09-10T07:09:26+00:00\" \/>\n<meta property=\"og:image\" content=\"https:\/\/onecarbide.com\/wp-content\/uploads\/2024\/07\/Customized-Carbide-Hobs.jpg\" \/>\n\t<meta property=\"og:image:width\" content=\"800\" \/>\n\t<meta property=\"og:image:height\" content=\"800\" \/>\n\t<meta property=\"og:image:type\" content=\"image\/jpeg\" \/>\n<meta name=\"twitter:card\" content=\"summary_large_image\" \/>\n<meta name=\"twitter:label1\" content=\"Gesch\u00e4tzte Lesezeit\" \/>\n\t<meta name=\"twitter:data1\" content=\"2\u00a0Minuten\" \/>\n<script type=\"application\/ld+json\" class=\"yoast-schema-graph\">{\"@context\":\"https:\/\/schema.org\",\"@graph\":[{\"@type\":\"WebPage\",\"@id\":\"https:\/\/onecarbide.com\/product\/carbide-hob\/\",\"url\":\"https:\/\/onecarbide.com\/product\/carbide-hob\/\",\"name\":\"Carbide Hob - xingzhou\",\"isPartOf\":{\"@id\":\"https:\/\/onecarbide.com\/ar\/#website\"},\"primaryImageOfPage\":{\"@id\":\"https:\/\/onecarbide.com\/product\/carbide-hob\/#primaryimage\"},\"image\":{\"@id\":\"https:\/\/onecarbide.com\/product\/carbide-hob\/#primaryimage\"},\"thumbnailUrl\":\"https:\/\/onecarbide.com\/wp-content\/uploads\/2024\/07\/Customized-Carbide-Hobs.jpg\",\"datePublished\":\"2024-07-23T07:31:02+00:00\",\"dateModified\":\"2024-09-10T07:09:26+00:00\",\"breadcrumb\":{\"@id\":\"https:\/\/onecarbide.com\/product\/carbide-hob\/#breadcrumb\"},\"inLanguage\":\"de\",\"potentialAction\":[{\"@type\":\"ReadAction\",\"target\":[\"https:\/\/onecarbide.com\/product\/carbide-hob\/\"]}]},{\"@type\":\"ImageObject\",\"inLanguage\":\"de\",\"@id\":\"https:\/\/onecarbide.com\/product\/carbide-hob\/#primaryimage\",\"url\":\"https:\/\/onecarbide.com\/wp-content\/uploads\/2024\/07\/Customized-Carbide-Hobs.jpg\",\"contentUrl\":\"https:\/\/onecarbide.com\/wp-content\/uploads\/2024\/07\/Customized-Carbide-Hobs.jpg\",\"width\":800,\"height\":800,\"caption\":\"Customized Carbide Hobs\"},{\"@type\":\"BreadcrumbList\",\"@id\":\"https:\/\/onecarbide.com\/product\/carbide-hob\/#breadcrumb\",\"itemListElement\":[{\"@type\":\"ListItem\",\"position\":1,\"name\":\"Home\",\"item\":\"https:\/\/onecarbide.com\/\"},{\"@type\":\"ListItem\",\"position\":2,\"name\":\"Shop\",\"item\":\"https:\/\/onecarbide.com\/ar\/shop\/\"},{\"@type\":\"ListItem\",\"position\":3,\"name\":\"Carbide Hob\"}]},{\"@type\":\"WebSite\",\"@id\":\"https:\/\/onecarbide.com\/ar\/#website\",\"url\":\"https:\/\/onecarbide.com\/ar\/\",\"name\":\"xingzhou\",\"description\":\"\",\"publisher\":{\"@id\":\"https:\/\/onecarbide.com\/ar\/#organization\"},\"potentialAction\":[{\"@type\":\"SearchAction\",\"target\":{\"@type\":\"EntryPoint\",\"urlTemplate\":\"https:\/\/onecarbide.com\/ar\/?s={search_term_string}\"},\"query-input\":\"required name=search_term_string\"}],\"inLanguage\":\"de\"},{\"@type\":\"Organization\",\"@id\":\"https:\/\/onecarbide.com\/ar\/#organization\",\"name\":\"xingzhou\",\"url\":\"https:\/\/onecarbide.com\/ar\/\",\"logo\":{\"@type\":\"ImageObject\",\"inLanguage\":\"de\",\"@id\":\"https:\/\/onecarbide.com\/ar\/#\/schema\/logo\/image\/\",\"url\":\"https:\/\/onecarbide.com\/wp-content\/uploads\/2024\/04\/logo11.png\",\"contentUrl\":\"https:\/\/onecarbide.com\/wp-content\/uploads\/2024\/04\/logo11.png\",\"width\":2000,\"height\":668,\"caption\":\"xingzhou\"},\"image\":{\"@id\":\"https:\/\/onecarbide.com\/ar\/#\/schema\/logo\/image\/\"}}]}<\/script>\n<!-- \/ Yoast SEO Premium plugin. -->","yoast_head_json":{"title":"Carbide Hob - xingzhou","robots":{"index":"index","follow":"follow","max-snippet":"max-snippet:-1","max-image-preview":"max-image-preview:large","max-video-preview":"max-video-preview:-1"},"canonical":"https:\/\/onecarbide.com\/de\/produkt\/carbide-hob\/","og_locale":"de_DE","og_type":"article","og_title":"Carbide Hob","og_description":"Gear cutting tools with teeth arranged in a helical line along a cylinder or cone, mainly used for milling various types of gears, splines, worm gears and other cylindrical workpieces with teeth.","og_url":"https:\/\/onecarbide.com\/de\/produkt\/carbide-hob\/","og_site_name":"xingzhou","article_modified_time":"2024-09-10T07:09:26+00:00","og_image":[{"width":800,"height":800,"url":"https:\/\/onecarbide.com\/wp-content\/uploads\/2024\/07\/Customized-Carbide-Hobs.jpg","type":"image\/jpeg"}],"twitter_card":"summary_large_image","twitter_misc":{"Gesch\u00e4tzte Lesezeit":"2\u00a0Minuten"},"schema":{"@context":"https:\/\/schema.org","@graph":[{"@type":"WebPage","@id":"https:\/\/onecarbide.com\/product\/carbide-hob\/","url":"https:\/\/onecarbide.com\/product\/carbide-hob\/","name":"Carbide Hob - xingzhou","isPartOf":{"@id":"https:\/\/onecarbide.com\/ar\/#website"},"primaryImageOfPage":{"@id":"https:\/\/onecarbide.com\/product\/carbide-hob\/#primaryimage"},"image":{"@id":"https:\/\/onecarbide.com\/product\/carbide-hob\/#primaryimage"},"thumbnailUrl":"https:\/\/onecarbide.com\/wp-content\/uploads\/2024\/07\/Customized-Carbide-Hobs.jpg","datePublished":"2024-07-23T07:31:02+00:00","dateModified":"2024-09-10T07:09:26+00:00","breadcrumb":{"@id":"https:\/\/onecarbide.com\/product\/carbide-hob\/#breadcrumb"},"inLanguage":"de","potentialAction":[{"@type":"ReadAction","target":["https:\/\/onecarbide.com\/product\/carbide-hob\/"]}]},{"@type":"ImageObject","inLanguage":"de","@id":"https:\/\/onecarbide.com\/product\/carbide-hob\/#primaryimage","url":"https:\/\/onecarbide.com\/wp-content\/uploads\/2024\/07\/Customized-Carbide-Hobs.jpg","contentUrl":"https:\/\/onecarbide.com\/wp-content\/uploads\/2024\/07\/Customized-Carbide-Hobs.jpg","width":800,"height":800,"caption":"Customized Carbide Hobs"},{"@type":"BreadcrumbList","@id":"https:\/\/onecarbide.com\/product\/carbide-hob\/#breadcrumb","itemListElement":[{"@type":"ListItem","position":1,"name":"Home","item":"https:\/\/onecarbide.com\/"},{"@type":"ListItem","position":2,"name":"Shop","item":"https:\/\/onecarbide.com\/ar\/shop\/"},{"@type":"ListItem","position":3,"name":"Carbide Hob"}]},{"@type":"WebSite","@id":"https:\/\/onecarbide.com\/ar\/#website","url":"https:\/\/onecarbide.com\/ar\/","name":"xingzhou","description":"","publisher":{"@id":"https:\/\/onecarbide.com\/ar\/#organization"},"potentialAction":[{"@type":"SearchAction","target":{"@type":"EntryPoint","urlTemplate":"https:\/\/onecarbide.com\/ar\/?s={search_term_string}"},"query-input":"required name=search_term_string"}],"inLanguage":"de"},{"@type":"Organization","@id":"https:\/\/onecarbide.com\/ar\/#organization","name":"xingzhou","url":"https:\/\/onecarbide.com\/ar\/","logo":{"@type":"ImageObject","inLanguage":"de","@id":"https:\/\/onecarbide.com\/ar\/#\/schema\/logo\/image\/","url":"https:\/\/onecarbide.com\/wp-content\/uploads\/2024\/04\/logo11.png","contentUrl":"https:\/\/onecarbide.com\/wp-content\/uploads\/2024\/04\/logo11.png","width":2000,"height":668,"caption":"xingzhou"},"image":{"@id":"https:\/\/onecarbide.com\/ar\/#\/schema\/logo\/image\/"}}]}},"_links":{"self":[{"href":"https:\/\/onecarbide.com\/de\/wp-json\/wp\/v2\/product\/3453"}],"collection":[{"href":"https:\/\/onecarbide.com\/de\/wp-json\/wp\/v2\/product"}],"about":[{"href":"https:\/\/onecarbide.com\/de\/wp-json\/wp\/v2\/types\/product"}],"replies":[{"embeddable":true,"href":"https:\/\/onecarbide.com\/de\/wp-json\/wp\/v2\/comments?post=3453"}],"wp:featuredmedia":[{"embeddable":true,"href":"https:\/\/onecarbide.com\/de\/wp-json\/wp\/v2\/media\/3860"}],"wp:attachment":[{"href":"https:\/\/onecarbide.com\/de\/wp-json\/wp\/v2\/media?parent=3453"}],"wp:term":[{"taxonomy":"product_cat","embeddable":true,"href":"https:\/\/onecarbide.com\/de\/wp-json\/wp\/v2\/product_cat?post=3453"},{"taxonomy":"product_tag","embeddable":true,"href":"https:\/\/onecarbide.com\/de\/wp-json\/wp\/v2\/product_tag?post=3453"}],"curies":[{"name":"wp","href":"https:\/\/api.w.org\/{rel}","templated":true}]}}